{"id":748,"date":"2023-12-11T22:34:02","date_gmt":"2023-12-11T21:34:02","guid":{"rendered":"https:\/\/didonparis.com\/?page_id=748"},"modified":"2023-12-13T11:24:05","modified_gmt":"2023-12-13T10:24:05","slug":"mentions-legales","status":"publish","type":"page","link":"https:\/\/didonparis.com\/en\/mentions-legales\/","title":{"rendered":"Mentions L\u00e9gales"},"content":{"rendered":"<div data-elementor-type=\"wp-post\" data-elementor-id=\"748\" class=\"elementor elementor-748\">\n\t\t\t\t<div class=\"elementor-element elementor-element-274a8fa e-flex e-con-boxed wpr-particle-no wpr-jarallax-no wpr-parallax-no wpr-sticky-section-no e-con e-parent\" data-id=\"274a8fa\" data-element_type=\"container\" data-e-type=\"container\" data-settings=\"{&quot;background_background&quot;:&quot;classic&quot;}\">\n\t\t\t\t\t<div class=\"e-con-inner\">\n\t\t<div class=\"elementor-element elementor-element-734529c e-con-full e-flex wpr-particle-no wpr-jarallax-no wpr-parallax-no wpr-sticky-section-no e-con e-child\" data-id=\"734529c\" data-element_type=\"container\" data-e-type=\"container\" data-settings=\"{&quot;background_background&quot;:&quot;classic&quot;}\">\n\t\t\t\t<div class=\"elementor-element elementor-element-bd6985a elementor-widget elementor-widget-text-editor\" data-id=\"bd6985a\" data-element_type=\"widget\" data-e-type=\"widget\" data-widget_type=\"text-editor.default\">\n\t\t\t\t<div class=\"elementor-widget-container\">\n\t\t\t\t\t\t\t\t\t<p><em>In accordance with Articles 6-III and 19 of Law No. 2004-575 of June 21, 2004, for Confidence in the Digital Economy, known as L.C.E.N., the following legal notice is provided to users of the site didonparis.com. Accessing and navigating the site didonparis.com implies full and unconditional acceptance of these legal notices. These notices are accessible on the site under the section \"Legal Notices.\"<\/em><\/p>\t\t\t\t\t\t\t\t<\/div>\n\t\t\t\t<\/div>\n\t\t\t\t<div class=\"elementor-element elementor-element-049de74 elementor-widget elementor-widget-heading\" data-id=\"049de74\" data-element_type=\"widget\" data-e-type=\"widget\" data-widget_type=\"heading.default\">\n\t\t\t\t<div class=\"elementor-widget-container\">\n\t\t\t\t\t<p class=\"elementor-heading-title elementor-size-default\">legal notices<\/p>\t\t\t\t<\/div>\n\t\t\t\t<\/div>\n\t\t\t\t<div class=\"elementor-element elementor-element-6b0c8a7 elementor-widget elementor-widget-text-editor\" data-id=\"6b0c8a7\" data-element_type=\"widget\" data-e-type=\"widget\" data-widget_type=\"text-editor.default\">\n\t\t\t\t<div class=\"elementor-widget-container\">\n\t\t\t\t\t\t\t\t\t<p><strong>ARTICLE 1: The editor<\/strong><\/p><p>Editing the site\u00a0<em>didonparis.com<\/em> is provided by SARL Fragrance by Houda with a capital of \u20ac1,000, registered with the Paris Trade and Companies Register under number B 825 102 841, with its registered office located at 78 Avenue des Champs-\u00c9lys\u00e9es, 75008 Paris. Email address: contact@didonparis.com. VAT number: FR67825102841.<\/p><p><strong>ARTICLE 2: The host<\/strong><\/p><p>The site host <em>didonparis.com<\/em> is the IONOS Company, whose head office is located at 7 Place de la Gare BP 70109 \u2013 57201 Serreguemines.<\/p><p><strong>ARTICLE 3: Access to the site<\/strong><\/p><p>The site is accessible from anywhere, 7 days a week, 24 hours a day, except in cases of force majeure, scheduled or unscheduled interruptions, or due to necessary maintenance or other reasons. In the event of modifications, interruptions, or suspensions of the services, the site <em>didonparis.com <\/em>cannot be held responsible.<\/p><p><strong>ARTICLE 4: Data collection<\/strong><\/p><p>The site is exempt from declaration to the Commission Nationale de l'Informatique et des Libert\u00e9s (CNIL) as it complies with GDPR regulations and systematically requests authorization to use personal data from users when the purchase process requires such information.<\/p><p><strong>ARTICLE 5: Cookies<\/strong><\/p><p>The user is informed that during visits to the site, a cookie may be automatically installed on their web browser. By browsing the site, they consent to this. A cookie is a file that does not identify the user but is used to record information related to their navigation on the website. The user can disable this cookie through the settings in their web browser.<\/p><p><strong>ARTICLE 6: Intellectual Property<\/strong><\/p><p>Any use, reproduction, distribution, commercialization, or modification of all or part of the site, <em>didonparis.com<\/em>without the Editor\u2019s authorization, is prohibited and may lead to legal actions and proceedings as outlined by the Intellectual Property Code and the Civil Code.<\/p>\t\t\t\t\t\t\t\t<\/div>\n\t\t\t\t<\/div>\n\t\t\t\t<\/div>\n\t\t\t\t\t<\/div>\n\t\t\t\t<\/div>\n\t\t<div class=\"elementor-element elementor-element-d00f86d e-con-full e-flex wpr-particle-no wpr-jarallax-no wpr-parallax-no wpr-sticky-section-no e-con e-parent\" data-id=\"d00f86d\" data-element_type=\"container\" data-e-type=\"container\" data-settings=\"{&quot;background_background&quot;:&quot;classic&quot;}\">\n\t\t<div class=\"elementor-element elementor-element-9367456 e-flex e-con-boxed wpr-particle-no wpr-jarallax-no wpr-parallax-no wpr-sticky-section-no e-con e-child\" data-id=\"9367456\" data-element_type=\"container\" data-e-type=\"container\" data-settings=\"{&quot;background_background&quot;:&quot;classic&quot;}\">\n\t\t\t\t\t<div class=\"e-con-inner\">\n\t\t\t\t<div class=\"elementor-element elementor-element-32eea4d elementor-widget elementor-widget-image\" data-id=\"32eea4d\" data-element_type=\"widget\" data-e-type=\"widget\" data-widget_type=\"image.default\">\n\t\t\t\t<div class=\"elementor-widget-container\">\n\t\t\t\t\t\t\t\t\t\t\t\t\t\t\t<img decoding=\"async\" width=\"200\" height=\"76\" src=\"https:\/\/didonparis.com\/wp-content\/uploads\/2023\/11\/imgpsh_fullsize_anim-1.png\" class=\"attachment-full size-full wp-image-32\" alt=\"\" \/>\t\t\t\t\t\t\t\t\t\t\t\t\t\t\t<\/div>\n\t\t\t\t<\/div>\n\t\t\t\t<div class=\"elementor-element elementor-element-4d6ccdd elementor-widget elementor-widget-text-editor\" data-id=\"4d6ccdd\" data-element_type=\"widget\" data-e-type=\"widget\" data-widget_type=\"text-editor.default\">\n\t\t\t\t<div class=\"elementor-widget-container\">\n\t\t\t\t\t\t\t\t\t<p><a style=\"color: #fff;\" href=\"https:\/\/didonparis.com\/en\/mentions-legales\/\" target=\"_blank\" rel=\"noopener\">legal notices<\/a> | <a style=\"color: #fff;\" href=\"https:\/\/didonparis.com\/en\/cgv\/\" target=\"_blank\" rel=\"noopener\">General conditions<\/a><br \/>Tous droits r\u00e9serv\u00e9s Didon Paris\u00a92023<\/p>\t\t\t\t\t\t\t\t<\/div>\n\t\t\t\t<\/div>\n\t\t\t\t\t<\/div>\n\t\t\t\t<\/div>\n\t\t\t\t<\/div>\n\t\t\t\t<\/div>","protected":false},"excerpt":{"rendered":"<p>Conform\u00e9ment aux dispositions des Articles 6-III et 19 de la Loi n\u00b02004-575 du 21 juin 2004 pour la Confiance dans l\u2019\u00e9conomie num\u00e9rique, dite L.C.E.N., il est port\u00e9 \u00e0 la connaissance des Utilisateurs du site didonparis.com les pr\u00e9sentes mentions l\u00e9gales. La connexion et la navigation sur le site didonparis.com par l\u2019Utilisateur implique acceptation int\u00e9grale et sans r\u00e9serve des pr\u00e9sentes mentions l\u00e9gales. Ces derni\u00e8res sont accessibles sur le site \u00e0 la rubrique \u00ab Mentions l\u00e9gales MENTIONs L\u00e9gales ARTICLE 1 : L\u2019\u00e9diteur L\u2019\u00e9dition du site\u00a0didonparis.com est assur\u00e9e par la Soci\u00e9t\u00e9 SARL Fragrance by Houda au capital de 1 000 euros, immatricul\u00e9e au RCS de Paris sous le num\u00e9ro B 825\u00a0102 841 dont le si\u00e8ge social est situ\u00e9 au 78 avenue des Champs Elys\u00e9es 75008 Paris, adresse e-mail : contact@didonparis.com. N\u00b0 de TVA intracommunautaire : FR67825102841. ARTICLE 2 : L\u2019h\u00e9bergeur L\u2019h\u00e9bergeur du site didonparis.com est la Soci\u00e9t\u00e9 IONOS, dont le si\u00e8ge social est situ\u00e9 au 7 Place de la Gare BP 70109 &#8211; 57201 Serreguemines. ARTICLE 3 : Acc\u00e8s au site Le site est accessible par tout endroit, 7j\/7, 24h\/24 sauf cas de force majeure, interruption programm\u00e9e ou non et pouvant d\u00e9couler d\u2019une n\u00e9cessit\u00e9 de maintenance ou autres. En cas de modification, interruption ou suspension des services le site didonparis.com ne saurait \u00eatre tenu responsable. ARTICLE 4 : Collecte des donn\u00e9es Le site est exempt\u00e9 de d\u00e9claration \u00e0 la Commission Nationale Informatique et Libert\u00e9s (CNIL) dans la mesure o\u00f9 il respecte la r\u00e9glementation RGPD et demande syst\u00e9matiquement une autorisation d\u2019usage des donn\u00e9es personnelles de l\u2019utilisateur lorsque le processus d\u2019achat en n\u00e9cessite le renseignement. ARTICLE 5 : Cookies L\u2019Utilisateur est inform\u00e9 que lors de ses visites sur le site, un cookie peut s\u2019installer automatiquement sur son logiciel de navigation. En naviguant sur le site, il les accepte. Un cookie est un \u00e9l\u00e9ment qui ne permet pas d\u2019identifier l\u2019Utilisateur mais sert \u00e0 enregistrer des informations relatives \u00e0 la navigation de celui-ci sur le site Internet. L\u2019Utilisateur pourra d\u00e9sactiver ce cookie par l\u2019interm\u00e9diaire des param\u00e8tres figurant au sein de son logiciel de navigation. ARTICLE 6 : Propri\u00e9t\u00e9 intellectuelle Toute utilisation, reproduction, diffusion, commercialisation, modification de toute ou partie du site didonparis.com, sans autorisation de l\u2019Editeur est prohib\u00e9e et pourra entra\u00een\u00e9e des actions et poursuites judiciaires telles que notamment pr\u00e9vues par le Code de la propri\u00e9t\u00e9 intellectuelle et le Code civil. Mentions l\u00e9gales | Conditions g\u00e9n\u00e9ralesTous droits r\u00e9serv\u00e9s Didon Paris\u00a92023<\/p>","protected":false},"author":1,"featured_media":0,"parent":0,"menu_order":0,"comment_status":"closed","ping_status":"closed","template":"elementor_header_footer","meta":{"neve_meta_sidebar":"","neve_meta_container":"","neve_meta_enable_content_width":"","neve_meta_content_width":0,"neve_meta_title_alignment":"","neve_meta_author_avatar":"","neve_post_elements_order":"","neve_meta_disable_header":"","neve_meta_disable_footer":"","neve_meta_disable_title":"","footnotes":""},"class_list":["post-748","page","type-page","status-publish","hentry"],"_links":{"self":[{"href":"https:\/\/didonparis.com\/en\/wp-json\/wp\/v2\/pages\/748","targetHints":{"allow":["GET"]}}],"collection":[{"href":"https:\/\/didonparis.com\/en\/wp-json\/wp\/v2\/pages"}],"about":[{"href":"https:\/\/didonparis.com\/en\/wp-json\/wp\/v2\/types\/page"}],"author":[{"embeddable":true,"href":"https:\/\/didonparis.com\/en\/wp-json\/wp\/v2\/users\/1"}],"replies":[{"embeddable":true,"href":"https:\/\/didonparis.com\/en\/wp-json\/wp\/v2\/comments?post=748"}],"version-history":[{"count":16,"href":"https:\/\/didonparis.com\/en\/wp-json\/wp\/v2\/pages\/748\/revisions"}],"predecessor-version":[{"id":844,"href":"https:\/\/didonparis.com\/en\/wp-json\/wp\/v2\/pages\/748\/revisions\/844"}],"wp:attachment":[{"href":"https:\/\/didonparis.com\/en\/wp-json\/wp\/v2\/media?parent=748"}],"curies":[{"name":"wp","href":"https:\/\/api.w.org\/{rel}","templated":true}]}}