{"id":1026,"date":"2024-03-27T23:53:47","date_gmt":"2024-03-27T22:53:47","guid":{"rendered":"https:\/\/didonparis.com\/?post_type=product&#038;p=1026"},"modified":"2026-03-16T08:15:35","modified_gmt":"2026-03-16T07:15:35","slug":"ego","status":"publish","type":"product","link":"https:\/\/didonparis.com\/en\/product\/ego\/","title":{"rendered":"EGO PERFUME"},"content":{"rendered":"<div class=\"elementor-element elementor-element-bd6985a elementor-widget elementor-widget-text-editor\" data-id=\"bd6985a\" data-element_type=\"widget\" data-widget_type=\"text-editor.default\">\n<div class=\"elementor-widget-container\">\n<p>80ml 2.7 FL.OZ<\/p>\n<p><strong>INGREDIENTS<\/strong><\/p>\n<\/div>\n<\/div>\n<div class=\"elementor-element elementor-element-0bd7183 elementor-widget elementor-widget-text-editor\" data-id=\"0bd7183\" data-element_type=\"widget\" data-widget_type=\"text-editor.default\">\n<div class=\"elementor-widget-container\">\n<p>alcool, parfum (fragrance), aqua (water), benzyl salicylate,<br \/>\nhydroxycitronellal, butyl methoxydibenzoylmethane, linalool,<br \/>\nethylhexyl, salicylate, citronellol, geraniol, cinna<\/p>\n<\/div>\n<\/div>","protected":false},"excerpt":{"rendered":"<p>Plongez dans l\u2019audace et la puissance du parfum Ego. Sa force \u00e9mane d\u2019une \u00e9l\u00e9gante harmonie de cuir, de bois et de safran, cr\u00e9ant une exp\u00e9rience olfactive r\u00e9solument audacieuse.<\/p>\n<p><strong>Top notes:<\/strong><br \/>\nBergamote et safran<br \/>\n<strong>Heart notes:<\/strong><br \/>\nC\u00e8dre et th\u00e9 vert<br \/>\n<strong>Background notes:<\/strong><br \/>\nCuir plus notes bois\u00e9s<\/p>\n<p><a style=\"font-weight: bold;color: #000\" href=\"https:\/\/didonparis.com\/en\/\"><u>continue shopping<\/u><\/a><\/p>","protected":false},"featured_media":893,"template":"","meta":{"neve_meta_sidebar":"","neve_meta_container":"","neve_meta_enable_content_width":"off","neve_meta_content_width":100,"neve_meta_title_alignment":"","neve_meta_author_avatar":"","neve_post_elements_order":"","neve_meta_disable_header":"","neve_meta_disable_footer":"","neve_meta_disable_title":""},"product_brand":[],"product_cat":[16],"product_tag":[],"class_list":{"0":"post-1026","1":"product","2":"type-product","3":"status-publish","4":"has-post-thumbnail","6":"product_cat-non-classe","8":"first","9":"instock","10":"taxable","11":"shipping-taxable","12":"purchasable","13":"product-type-simple"},"_links":{"self":[{"href":"https:\/\/didonparis.com\/en\/wp-json\/wp\/v2\/product\/1026","targetHints":{"allow":["GET"]}}],"collection":[{"href":"https:\/\/didonparis.com\/en\/wp-json\/wp\/v2\/product"}],"about":[{"href":"https:\/\/didonparis.com\/en\/wp-json\/wp\/v2\/types\/product"}],"wp:featuredmedia":[{"embeddable":true,"href":"https:\/\/didonparis.com\/en\/wp-json\/wp\/v2\/media\/893"}],"wp:attachment":[{"href":"https:\/\/didonparis.com\/en\/wp-json\/wp\/v2\/media?parent=1026"}],"wp:term":[{"taxonomy":"product_brand","embeddable":true,"href":"https:\/\/didonparis.com\/en\/wp-json\/wp\/v2\/product_brand?post=1026"},{"taxonomy":"product_cat","embeddable":true,"href":"https:\/\/didonparis.com\/en\/wp-json\/wp\/v2\/product_cat?post=1026"},{"taxonomy":"product_tag","embeddable":true,"href":"https:\/\/didonparis.com\/en\/wp-json\/wp\/v2\/product_tag?post=1026"}],"curies":[{"name":"wp","href":"https:\/\/api.w.org\/{rel}","templated":true}]}}