{"id":1512,"date":"2024-09-30T11:45:12","date_gmt":"2024-09-30T09:45:12","guid":{"rendered":"https:\/\/didonparis.com\/?post_type=product&#038;p=1512"},"modified":"2026-04-04T12:27:24","modified_gmt":"2026-04-04T10:27:24","slug":"coffret-decouverte","status":"publish","type":"product","link":"https:\/\/didonparis.com\/en\/product\/coffret-decouverte\/","title":{"rendered":"COFFRET D\u00c9COUVERTE"},"content":{"rendered":"<div class=\"elementor-element elementor-element-bd6985a elementor-widget elementor-widget-text-editor\" data-id=\"bd6985a\" data-element_type=\"widget\" data-widget_type=\"text-editor.default\">\n<div class=\"elementor-widget-container\">\n<p>Coffret D\u00e9couverte Didon Paris (5ml chaque flacon) :<\/p>\n<ul>\n<li><strong>Parfum Feeling :<\/strong>\u00a0A strong and refined fragrance that draws its paradox from the fresh and spicy balance of bergamot, vetiver, pink pepper, and oud.<\/li>\n<li><b>Parfum Ego :<\/b>\u00a0A bold and powerful fragrance, drawing its strength from an elegant harmony of leather, wood, and saffron.<\/li>\n<li><b>Parfum Power :<\/b>\u00a0A strong and regal fragrance drawing its power from a wild blend of saffron, cashmere, jasmine, oud, fig, vanilla, patchouli, leather, and tobacco.<\/li>\n<li><b>Parfum Flirting :<\/b>\u00a0A sensual, voluptuous, and powdery fragrance that acts like a second skin, drawing its softness from a harmonious blend of sandalwood, black tea, and tonka bean.<\/li>\n<\/ul>\n<\/div>\n<\/div>","protected":false},"excerpt":{"rendered":"<p>D\u00e9couvrez l\u2019essence de l\u2019\u00e9l\u00e9gance et du raffinement avec le Coffret D\u00e9couverte Miniature de Didon Paris, une collection captivante r\u00e9unissant nos quatre parfums embl\u00e9matiques. Chaque flacon incarne une histoire olfactive unique, cr\u00e9ant une symphonie envo\u00fbtante qui \u00e9voque des \u00e9motions intenses et inoubliables.<\/p>\n<p><a style=\"font-weight: bold;color: #000\" href=\"https:\/\/didonparis.com\/en\/\"><u>continue shopping<\/u><\/a><\/p>","protected":false},"featured_media":1352,"template":"","meta":{"neve_meta_sidebar":"","neve_meta_container":"","neve_meta_enable_content_width":"off","neve_meta_content_width":100,"neve_meta_title_alignment":"","neve_meta_author_avatar":"","neve_post_elements_order":"","neve_meta_disable_header":"","neve_meta_disable_footer":"","neve_meta_disable_title":""},"product_brand":[],"product_cat":[16],"product_tag":[],"class_list":{"0":"post-1512","1":"product","2":"type-product","3":"status-publish","4":"has-post-thumbnail","6":"product_cat-non-classe","8":"first","9":"instock","10":"taxable","11":"shipping-taxable","12":"purchasable","13":"product-type-simple"},"_links":{"self":[{"href":"https:\/\/didonparis.com\/en\/wp-json\/wp\/v2\/product\/1512","targetHints":{"allow":["GET"]}}],"collection":[{"href":"https:\/\/didonparis.com\/en\/wp-json\/wp\/v2\/product"}],"about":[{"href":"https:\/\/didonparis.com\/en\/wp-json\/wp\/v2\/types\/product"}],"wp:featuredmedia":[{"embeddable":true,"href":"https:\/\/didonparis.com\/en\/wp-json\/wp\/v2\/media\/1352"}],"wp:attachment":[{"href":"https:\/\/didonparis.com\/en\/wp-json\/wp\/v2\/media?parent=1512"}],"wp:term":[{"taxonomy":"product_brand","embeddable":true,"href":"https:\/\/didonparis.com\/en\/wp-json\/wp\/v2\/product_brand?post=1512"},{"taxonomy":"product_cat","embeddable":true,"href":"https:\/\/didonparis.com\/en\/wp-json\/wp\/v2\/product_cat?post=1512"},{"taxonomy":"product_tag","embeddable":true,"href":"https:\/\/didonparis.com\/en\/wp-json\/wp\/v2\/product_tag?post=1512"}],"curies":[{"name":"wp","href":"https:\/\/api.w.org\/{rel}","templated":true}]}}