{"id":1937,"date":"2026-04-22T16:44:13","date_gmt":"2026-04-22T14:44:13","guid":{"rendered":"https:\/\/didonparis.com\/?post_type=product&#038;p=1937"},"modified":"2026-04-22T21:40:55","modified_gmt":"2026-04-22T19:40:55","slug":"seduction","status":"publish","type":"product","link":"https:\/\/didonparis.com\/en\/product\/seduction\/","title":{"rendered":"S\u00c9DUCTION EAU DE PARFUM"},"content":{"rendered":"<div class=\"elementor-element elementor-element-bd6985a elementor-widget elementor-widget-text-editor\" data-id=\"bd6985a\" data-element_type=\"widget\" data-widget_type=\"text-editor.default\">\n<div class=\"elementor-widget-container\">\n<p>80ml 2.7 FL.OZ<\/p>\n<p><strong>INGREDIENTS<\/strong><\/p>\n<\/div>\n<\/div>\n<div class=\"elementor-element elementor-element-0bd7183 elementor-widget elementor-widget-text-editor\" data-id=\"0bd7183\" data-element_type=\"widget\" data-widget_type=\"text-editor.default\">\n<div class=\"elementor-widget-container\">\n<p>Vanille, musc blanc<\/p>\n<\/div>\n<\/div>","protected":false},"excerpt":{"rendered":"<p>Parfum envo\u00fbtant, alliant la douceur de la vanille \u00e0 une texture poudr\u00e9e d\u00e9licate. Parfait pour ceux qui souhaitent laisser une empreinte inoubliable. S\u00e9duction est une invitation \u00e0 la sensualit\u00e9.<\/p>\n<p><strong>Les Notes :<\/strong><br \/>\nVanille | Poudr\u00e9 | Musqu\u00e9 | Bois\u00e9 | Sucr\u00e9<\/p>\n<p><a style=\"font-weight: bold; color: #000;\" href=\"https:\/\/didonparis.com\/en\/\"><u>continue shopping<\/u><\/a><\/p>","protected":false},"featured_media":1939,"template":"","meta":{"neve_meta_sidebar":"","neve_meta_container":"","neve_meta_enable_content_width":"off","neve_meta_content_width":100,"neve_meta_title_alignment":"","neve_meta_author_avatar":"","neve_post_elements_order":"","neve_meta_disable_header":"","neve_meta_disable_footer":"","neve_meta_disable_title":""},"product_brand":[],"product_cat":[16],"product_tag":[],"class_list":{"0":"post-1937","1":"product","2":"type-product","3":"status-publish","4":"has-post-thumbnail","6":"product_cat-non-classe","8":"first","9":"instock","10":"taxable","11":"shipping-taxable","12":"purchasable","13":"product-type-simple"},"_links":{"self":[{"href":"https:\/\/didonparis.com\/en\/wp-json\/wp\/v2\/product\/1937","targetHints":{"allow":["GET"]}}],"collection":[{"href":"https:\/\/didonparis.com\/en\/wp-json\/wp\/v2\/product"}],"about":[{"href":"https:\/\/didonparis.com\/en\/wp-json\/wp\/v2\/types\/product"}],"wp:featuredmedia":[{"embeddable":true,"href":"https:\/\/didonparis.com\/en\/wp-json\/wp\/v2\/media\/1939"}],"wp:attachment":[{"href":"https:\/\/didonparis.com\/en\/wp-json\/wp\/v2\/media?parent=1937"}],"wp:term":[{"taxonomy":"product_brand","embeddable":true,"href":"https:\/\/didonparis.com\/en\/wp-json\/wp\/v2\/product_brand?post=1937"},{"taxonomy":"product_cat","embeddable":true,"href":"https:\/\/didonparis.com\/en\/wp-json\/wp\/v2\/product_cat?post=1937"},{"taxonomy":"product_tag","embeddable":true,"href":"https:\/\/didonparis.com\/en\/wp-json\/wp\/v2\/product_tag?post=1937"}],"curies":[{"name":"wp","href":"https:\/\/api.w.org\/{rel}","templated":true}]}}