{"id":1938,"date":"2026-04-22T16:50:22","date_gmt":"2026-04-22T14:50:22","guid":{"rendered":"https:\/\/didonparis.com\/?post_type=product&#038;p=1938"},"modified":"2026-04-22T21:40:57","modified_gmt":"2026-04-22T19:40:57","slug":"audace","status":"publish","type":"product","link":"https:\/\/didonparis.com\/en\/product\/audace\/","title":{"rendered":"AUDACE EAU DE PARFUM"},"content":{"rendered":"<div class=\"elementor-element elementor-element-bd6985a elementor-widget elementor-widget-text-editor\" data-id=\"bd6985a\" data-element_type=\"widget\" data-widget_type=\"text-editor.default\">\n<div class=\"elementor-widget-container\">\n<p>80ml 2.7 FL.OZ<\/p>\n<p><strong>INGREDIENTS<\/strong><\/p>\n<\/div>\n<\/div>\n<div class=\"elementor-element elementor-element-0bd7183 elementor-widget elementor-widget-text-editor\" data-id=\"0bd7183\" data-element_type=\"widget\" data-widget_type=\"text-editor.default\">\n<div class=\"elementor-widget-container\">\n<p>Citron, gingembre, bois de santal, patchouli<\/p>\n<\/div>\n<\/div>","protected":false},"excerpt":{"rendered":"<p>Audace s\u2019ouvre sur des notes p\u00e9tillantes de gingembre bleu et de citron, offrant une fra\u00eecheur marine captivante. La douceur chaleureuse de la pomme se m\u00eale au bois de santal, cr\u00e9ant un \u00e9quilibre parfait. Enrichi d&#8217;encens, d&#8217;ambre sec et de v\u00e9tiver, ce parfum audacieux invite \u00e0 une exp\u00e9rience olfactive inoubliable, alliant l\u00e9g\u00e8ret\u00e9 et chaleur dans un souffle vibrant.<\/p>\n<p><strong>Les Notes :<\/strong><br \/>\nAgrume | Aromatique | Frais | Bois\u00e9 | Epic\u00e9 Frais | Odeur Marine | Ambre | Fruit\u00e9<\/p>\n<p><a style=\"font-weight: bold; color: #000;\" href=\"https:\/\/didonparis.com\/en\/\"><u>continue shopping<\/u><\/a><\/p>","protected":false},"featured_media":1940,"template":"","meta":{"neve_meta_sidebar":"","neve_meta_container":"","neve_meta_enable_content_width":"off","neve_meta_content_width":100,"neve_meta_title_alignment":"","neve_meta_author_avatar":"","neve_post_elements_order":"","neve_meta_disable_header":"","neve_meta_disable_footer":"","neve_meta_disable_title":""},"product_brand":[],"product_cat":[16],"product_tag":[],"class_list":{"0":"post-1938","1":"product","2":"type-product","3":"status-publish","4":"has-post-thumbnail","6":"product_cat-non-classe","8":"first","9":"instock","10":"taxable","11":"shipping-taxable","12":"purchasable","13":"product-type-simple"},"_links":{"self":[{"href":"https:\/\/didonparis.com\/en\/wp-json\/wp\/v2\/product\/1938","targetHints":{"allow":["GET"]}}],"collection":[{"href":"https:\/\/didonparis.com\/en\/wp-json\/wp\/v2\/product"}],"about":[{"href":"https:\/\/didonparis.com\/en\/wp-json\/wp\/v2\/types\/product"}],"wp:featuredmedia":[{"embeddable":true,"href":"https:\/\/didonparis.com\/en\/wp-json\/wp\/v2\/media\/1940"}],"wp:attachment":[{"href":"https:\/\/didonparis.com\/en\/wp-json\/wp\/v2\/media?parent=1938"}],"wp:term":[{"taxonomy":"product_brand","embeddable":true,"href":"https:\/\/didonparis.com\/en\/wp-json\/wp\/v2\/product_brand?post=1938"},{"taxonomy":"product_cat","embeddable":true,"href":"https:\/\/didonparis.com\/en\/wp-json\/wp\/v2\/product_cat?post=1938"},{"taxonomy":"product_tag","embeddable":true,"href":"https:\/\/didonparis.com\/en\/wp-json\/wp\/v2\/product_tag?post=1938"}],"curies":[{"name":"wp","href":"https:\/\/api.w.org\/{rel}","templated":true}]}}